{"id":1623,"date":"2024-08-01T16:51:20","date_gmt":"2024-08-01T14:51:20","guid":{"rendered":"https:\/\/grupolasrosasinternacional.com\/us\/?page_id=1623"},"modified":"2025-03-04T14:25:20","modified_gmt":"2025-03-04T19:25:20","slug":"cookie-policy-of-grupo-las-rosas-internacional","status":"publish","type":"page","link":"https:\/\/grupolasrosasinternacional.com\/us\/cookie-policy-of-grupo-las-rosas-internacional\/","title":{"rendered":"Cookie policy"},"content":{"rendered":"\n<p><em>La web www.grupolasrosasinternacional.com utiliza Cookies, y otros mecanismos similares (en adelante, Cookies). Las Cookies son ficheros de texto enviados a un navegador por medio de un servidor web para registrar las actividades del Usuario en una web determinada o en todas las webs, apps y\/o servicios de las Web (en adelante, los Servicios).<\/em><\/p>\n\n\n\n<p><em>La finalidad de las Cookies es la de facilitar al Usuario un acceso m\u00e1s r\u00e1pido a los Servicios seleccionados, adem\u00e1s, las Cookies personalizan los servicios que ofrece, facilitando y ofreciendo a cada Usuario informaci\u00f3n que es o que puede ser de su inter\u00e9s, en atenci\u00f3n al uso que realiza de los servicios con el objetivo de personalizar y facilitar al m\u00e1ximo la navegaci\u00f3n del Usuario.<\/em><\/p>\n\n\n\n<p><em>Las Cookies se asocian \u00fanicamente a un Usuario an\u00f3nimo y su ordenador y no proporcionan referencias que permitan deducir datos personales del Usuario.<\/em><\/p>\n\n\n\n<p><em>La configuraci\u00f3n de cada navegador es personalizable por cada usuario para que notifique y rechace la instalaci\u00f3n sin que ello perjudique la posibilidad del Usuario de acceder a los Contenidos. Sin embargo, en todo caso, la calidad de funcionamiento de la p\u00e1gina Web puede verse afectada seg\u00fan las distintas configuraciones posibles.<\/em><\/p>\n\n\n\n<p><em>Los Usuarios registrados que se registren o que hayan iniciado sesi\u00f3n, podr\u00e1n beneficiarse de unos servicios m\u00e1s orientados a su perfil, gracias a la combinaci\u00f3n de los datos almacenados en las cookies con los datos personales utilizados en el momento de su registro.<\/em><\/p>\n\n\n\n<p><em>Dichos Usuarios autorizan expresamente el uso de esta informaci\u00f3n con la finalidad indicada, sin perjuicio de su derecho a rechazar o deshabilitar el uso de cookies.<\/em><\/p>\n\n\n\n<p><em>La web de www.grupolasrosasinternacional.com podr\u00eda utilizar \u00e9sta informaci\u00f3n para obtener estad\u00edsticas y poder realizar estudios anal\u00edticos.<\/em><\/p>\n\n\n\n<h3 class=\"wp-block-heading\"><em>CARACTER\u00cdSTICAS GENERALES Y PARTICULARES DE LAS COOKIES<\/em><\/h3>\n\n\n\n<p><em>Las Cookies, en funci\u00f3n de su permanencia, pueden dividirse en Cookies de sesi\u00f3n o permanentes. Las primeras expiran cuando el Usuario cierra el navegador. Las segundas expiran en funci\u00f3n cuando se cumpla el objetivo para el que sirven (por ejemplo, para que el Usuario se mantenga identificado en los Servicios de la parte privada de la web) o bien cuando se borran de forma manual.<\/em><\/p>\n\n\n\n<h3 class=\"wp-block-heading\"><em>EN T\u00c9RMINOS GENERALES LAS COOKIES PUEDES CLASIFICARSE EN:<\/em><\/h3>\n\n\n\n<p><em><strong>COOKIES DE GEO-LOCALIZACI\u00d3N:<\/strong>&nbsp;Estas Cookies son utilizadas para averiguar en qu\u00e9 pa\u00eds se encuentra cuando se solicita un Servicio. Esta Cookie es totalmente an\u00f3nima, y s\u00f3lo se utiliza para ayudar a orientar el contenido a su ubicaci\u00f3n.<\/em><\/p>\n\n\n\n<p><em><strong>COOKIES DE REGISTRO:<\/strong>&nbsp;Las Cookies de registro se generan una vez que el Usuario se ha registrado o posteriormente ha abierto su sesi\u00f3n, y se utilizan para identificarle en los Servicios con los siguientes objetivos:<\/em><\/p>\n\n\n\n<p><em>Mantener al Usuario identificado de forma que, en el caso cerrara un Servicio, el navegador o el ordenador y en otro momento vuelve a entrar en dicho Servicio, seguir\u00e1 identificado, facilitando as\u00ed su navegaci\u00f3n sin tener que volver a identificarse.<\/em><\/p>\n\n\n\n<p><em>Esta funcionalidad se puede suprimir si el Usuario pulsa la funcionalidad \u201ccerrar sesi\u00f3n\u201d, de forma que esta Cookie se elimina y la siguiente vez que entre en el Servicio el Usuario tendr\u00e1 que iniciar sesi\u00f3n para estar identificado.<\/em><\/p>\n\n\n\n<p><em><strong>COOKIES DE RENDIMIENTO:<\/strong>&nbsp;Tipo de Cookie que recuerda sus preferencias para las herramientas que se encuentran en los Servicios, por lo que no tiene que volver a configurar el servicio cada vez que usted visita. A modo de ejemplo, en esta tipolog\u00eda se incluyen los ajustes de volumen de reproductores de v\u00eddeo o sonido o Las velocidades de transmisi\u00f3n de v\u00eddeo que sean compatibles con su navegador.<\/em><\/p>\n\n\n\n<p><em>Algunos Servicios pueden utilizar enlaces con redes sociales tales como Facebook o Twitter y cuando el Usuario se registra en un Servicio con credenciales de una red social, autoriza a la red social a guardar una Cookie persistente que recuerda su identidad y le garantiza acceso a los Servicios hasta que expira. El Usuario puede borrar esta Cookie y revocar el acceso a los Servicios mediante redes sociales actualizando sus preferencias en la red social que espec\u00edfica.<\/em><\/p>\n\n\n\n<p><em><strong>COOKIES DE ANAL\u00cdTICAS:<\/strong>&nbsp;Cada vez que un Usuario visita un Servicio, una herramienta de un proveedor externo genera una Cookie anal\u00edtica en el ordenador del Usuario. Esta Cookie que s\u00f3lo se genera en la visita, servir\u00e1 en pr\u00f3ximas visitas a la web www.grupolasrosasinternacional.com para identificar de forma an\u00f3nima al visitante.<\/em><\/p>\n\n\n\n<h3 class=\"wp-block-heading\"><em>LOS OBJETIVOS PRINCIPALES QUE SE PERSIGUEN SON:<\/em><\/h3>\n\n\n\n<p><em>Permitir la identificaci\u00f3n an\u00f3nima de los Usuarios navegantes (se identifican navegadores y dispositivos, no personas) y por lo tanto la contabilizaci\u00f3n aproximada del n\u00famero de visitantes y su tendencia en el tiempo.<\/em><\/p>\n\n\n\n<p><em>Identificar de forma an\u00f3nima los contenidos m\u00e1s atractivos y mas visitados para los Usuarios<\/em><\/p>\n\n\n\n<p><em>Saber si el Usuario que est\u00e1 accediendo es nuevo o repite visita.<\/em><\/p>\n\n\n\n<p><em><strong>Nota:<\/strong>&nbsp;la \u201cCookie\u201d nunca ir\u00e1 asociada a ning\u00fan dato de car\u00e1cter personal que pueda identificarle. Dichas Cookies s\u00f3lo ser\u00e1n utilizadas con prop\u00f3sitos estad\u00edsticos que ayuden a la optimizaci\u00f3n de la experiencia de los Usuarios en el sitio.<\/em><\/p>\n\n\n\n<h2 class=\"wp-block-heading\"><em>QUE COOKIES UTILIZAMOS<\/em><\/h2>\n\n\n\n<h3 class=\"wp-block-heading\"><em>COOKIES PROPIAS<\/em><\/h3>\n\n\n\n<p><em>Actualmente utilizamos un sistema de an\u00e1lisis de rendimiento que no precisa del uso de cookies, por lo que el navegador web de los usuarios no recibir\u00e1 cookies por nuestra parte. <\/em><\/p>\n\n\n\n<h3 class=\"wp-block-heading\"><em>C\u00d3MO DESHABILITAR LAS COOKIES Y LOS WEB BUGS EN LOS PRINCIPALES NAVEGADORES<\/em><\/h3>\n\n\n\n<p><em>Normalmente es posible no aceptar las Cookies del navegador, o dejar de aceptar las Cookies de un Servicio en particular.<\/em><\/p>\n\n\n\n<p><em>Los navegadores modernos permiten cambiar la configuraci\u00f3n de Cookies. Estos ajustes se encuentran en las \u2018opciones\u2019 o \u2018Preferencias\u2019 de cada men\u00fa de su navegador. Asimismo, puede configurar su navegador o su gestor de correo electr\u00f3nico.<\/em><\/p>\n\n\n\n<p><em>La web www.grupolasrosasinternacional.com ofrece orientaci\u00f3n al Usuario sobre los pasos para acceder al men\u00fa de configuraci\u00f3n de las cookies y, en su caso, de la navegaci\u00f3n privada en cada uno de los navegadores principales:<\/em><\/p>\n\n\n\n<p>\u2022 Microsoft Internet Explorer o Microsoft Edge:&nbsp;<a href=\"https:\/\/web.archive.org\/web\/20201031225946\/http:\/\/windows.microsoft.com\/es-es\/windows-vista\/Block-or-allow-cookies\">http:\/\/windows.microsoft.com\/es-es\/windows-vista\/Block-or-allow-cookies<\/a><\/p>\n\n\n\n<p>\u2022 Mozilla Firefox:&nbsp;<a href=\"https:\/\/web.archive.org\/web\/20201031225946\/http:\/\/support.mozilla.org\/es\/kb\/impedir-que-los-sitios-web-guarden-sus-preferencia\">http:\/\/support.mozilla.org\/es\/kb\/impedir-que-los-sitios-web-guarden-sus-preferencia<\/a><\/p>\n\n\n\n<p>\u2022 Chrome:&nbsp;<a href=\"https:\/\/web.archive.org\/web\/20201031225946\/https:\/\/support.google.com\/accounts\/answer\/61416?hl=es\">https:\/\/support.google.com\/accounts\/answer\/61416?hl=es<\/a><\/p>\n\n\n\n<p>\u2022 Safari:&nbsp;<a href=\"https:\/\/web.archive.org\/web\/20201031225946\/http:\/\/safari.helpmax.net\/es\/privacidad-y-seguridad\/como-gestionar-las-cookies\/\">http:\/\/safari.helpmax.net\/es\/privacidad-y-seguridad\/como-gestionar-las-cookies\/<\/a><\/p>\n\n\n\n<p>\u2022 Opera:&nbsp;<a href=\"https:\/\/web.archive.org\/web\/20201031225946\/http:\/\/help.opera.com\/Linux\/10.60\/es-ES\/cookies.html\">http:\/\/help.opera.com\/Linux\/10.60\/es-ES\/cookies.html<\/a><\/p>\n\n\n\n<p>Adem\u00e1s, tambi\u00e9n puede gestionar el almac\u00e9n de cookies en su navegador a trav\u00e9s de herramientas como las siguientes:<\/p>\n\n\n\n<p>\u2022 Ghostery:&nbsp;<a href=\"https:\/\/web.archive.org\/web\/20201031225946\/http:\/\/www.ghostery.com\/\">www.ghostery.com\/<\/a><\/p>\n\n\n\n<p>\u2022 Your Online Choices:&nbsp;<a href=\"https:\/\/web.archive.org\/web\/20201031225946\/http:\/\/www.youronlinechoices.com\/es\/\">www.youronlinechoices.com\/es\/<\/a><\/p>\n\n\n\n<h3 class=\"wp-block-heading\"><em>ACTUALIZACIONES Y CAMBIOS EN LA POL\u00cdTICA DE PRIVACIDAD \/ COOKIES<\/em><\/h3>\n\n\n\n<p><em>La Web www.grupolasrosasinternacional.com puede modificar esta Pol\u00edtica de Cookies en funci\u00f3n de exigencias legislativas, reglamentarias, o con la finalidad de adaptar dicha pol\u00edtica a las instrucciones dictadas por la Agencia Espa\u00f1ola de Protecci\u00f3n de Datos, por ello se aconseja a los Usuarios que la visiten peri\u00f3dicamente. Cuando se produzcan cambios significativos en esta Pol\u00edtica de privacidad, se comunicar\u00e1n a los Usuarios mediante la web.<\/em><\/p>\n\n\n\n<div style=\"height:100px\" aria-hidden=\"true\" class=\"wp-block-spacer\"><\/div>\n","protected":false},"excerpt":{"rendered":"<p>La web www.grupolasrosasinternacional.com utiliza Cookies, y otros mecanismos similares (en adelante, Cookies). Las Cookies son ficheros de texto enviados a un navegador por medio de un servidor web para registrar las actividades del Usuario en una web determinada o en todas las webs, apps y\/o servicios de las Web (en adelante, los Servicios). La finalidad de las Cookies es la de facilitar al Usuario un acceso m\u00e1s r\u00e1pido a los Servicios seleccionados, adem\u00e1s, las Cookies personalizan los servicios que ofrece, facilitando y ofreciendo a cada Usuario informaci\u00f3n que es o que puede ser de su inter\u00e9s, en atenci\u00f3n al uso que realiza de los servicios con el objetivo de personalizar y facilitar al m\u00e1ximo la navegaci\u00f3n del Usuario. Las Cookies se asocian \u00fanicamente a un Usuario an\u00f3nimo y su ordenador y no proporcionan referencias que permitan deducir datos personales del Usuario. La configuraci\u00f3n de cada navegador es personalizable por cada usuario para que notifique y rechace la instalaci\u00f3n sin que ello perjudique la posibilidad del Usuario de acceder a los Contenidos. Sin embargo, en todo caso, la calidad de funcionamiento de la p\u00e1gina Web puede verse afectada seg\u00fan las distintas configuraciones posibles. Los Usuarios registrados que se registren o que hayan iniciado sesi\u00f3n, podr\u00e1n beneficiarse de unos servicios m\u00e1s orientados a su perfil, gracias a la combinaci\u00f3n de los datos almacenados en las cookies con los datos personales utilizados en el momento de su registro. Dichos Usuarios autorizan expresamente el uso de esta informaci\u00f3n con la finalidad indicada, sin perjuicio de su derecho a rechazar o deshabilitar el uso de cookies. La web de www.grupolasrosasinternacional.com podr\u00eda utilizar \u00e9sta informaci\u00f3n para obtener estad\u00edsticas y poder realizar estudios anal\u00edticos. CARACTER\u00cdSTICAS GENERALES Y PARTICULARES DE LAS COOKIES Las Cookies, en funci\u00f3n de su permanencia, pueden dividirse en Cookies de sesi\u00f3n o permanentes. Las primeras expiran cuando el Usuario cierra el navegador. Las segundas expiran en funci\u00f3n cuando se cumpla el objetivo para el que sirven (por ejemplo, para que el Usuario se mantenga identificado en los Servicios de la parte privada de la web) o bien cuando se borran de forma manual. EN T\u00c9RMINOS GENERALES LAS COOKIES PUEDES CLASIFICARSE EN: COOKIES DE GEO-LOCALIZACI\u00d3N:&nbsp;Estas Cookies son utilizadas para averiguar en qu\u00e9 pa\u00eds se encuentra cuando se solicita un Servicio. Esta Cookie es totalmente an\u00f3nima, y s\u00f3lo se utiliza para ayudar a orientar el contenido a su ubicaci\u00f3n. COOKIES DE REGISTRO:&nbsp;Las Cookies de registro se generan una vez que el Usuario se ha registrado o posteriormente ha abierto su sesi\u00f3n, y se utilizan para identificarle en los Servicios con los siguientes objetivos: Mantener al Usuario identificado de forma que, en el caso cerrara un Servicio, el navegador o el ordenador y en otro momento vuelve a entrar en dicho Servicio, seguir\u00e1 identificado, facilitando as\u00ed su navegaci\u00f3n sin tener que volver a identificarse. Esta funcionalidad se puede suprimir si el Usuario pulsa la funcionalidad \u201ccerrar sesi\u00f3n\u201d, de forma que esta Cookie se elimina y la siguiente vez que entre en el Servicio el Usuario tendr\u00e1 que iniciar sesi\u00f3n para estar identificado. COOKIES DE RENDIMIENTO:&nbsp;Tipo de Cookie que recuerda sus preferencias para las herramientas que se encuentran en los Servicios, por lo que no tiene que volver a configurar el servicio cada vez que usted visita. A modo de ejemplo, en esta tipolog\u00eda se incluyen los ajustes de volumen de reproductores de v\u00eddeo o sonido o Las velocidades de transmisi\u00f3n de v\u00eddeo que sean compatibles con su navegador. Algunos Servicios pueden utilizar enlaces con redes sociales tales como Facebook o Twitter y cuando el Usuario se registra en un Servicio con credenciales de una red social, autoriza a la red social a guardar una Cookie persistente que recuerda su identidad y le garantiza acceso a los Servicios hasta que expira. El Usuario puede borrar esta Cookie y revocar el acceso a los Servicios mediante redes sociales actualizando sus preferencias en la red social que espec\u00edfica. COOKIES DE ANAL\u00cdTICAS:&nbsp;Cada vez que un Usuario visita un Servicio, una herramienta de un proveedor externo genera una Cookie anal\u00edtica en el ordenador del Usuario. Esta Cookie que s\u00f3lo se genera en la visita, servir\u00e1 en pr\u00f3ximas visitas a la web www.grupolasrosasinternacional.com para identificar de forma an\u00f3nima al visitante. LOS OBJETIVOS PRINCIPALES QUE SE PERSIGUEN SON: Permitir la identificaci\u00f3n an\u00f3nima de los Usuarios navegantes (se identifican navegadores y dispositivos, no personas) y por lo tanto la contabilizaci\u00f3n aproximada del n\u00famero de visitantes y su tendencia en el tiempo. Identificar de forma an\u00f3nima los contenidos m\u00e1s atractivos y mas visitados para los Usuarios Saber si el Usuario que est\u00e1 accediendo es nuevo o repite visita. Nota:&nbsp;la \u201cCookie\u201d nunca ir\u00e1 asociada a ning\u00fan dato de car\u00e1cter personal que pueda identificarle. Dichas Cookies s\u00f3lo ser\u00e1n utilizadas con prop\u00f3sitos estad\u00edsticos que ayuden a la optimizaci\u00f3n de la experiencia de los Usuarios en el sitio. QUE COOKIES UTILIZAMOS COOKIES PROPIAS Actualmente utilizamos un sistema de an\u00e1lisis de rendimiento que no precisa del uso de cookies, por lo que el navegador web de los usuarios no recibir\u00e1 cookies por nuestra parte. C\u00d3MO DESHABILITAR LAS COOKIES Y LOS WEB BUGS EN LOS PRINCIPALES NAVEGADORES Normalmente es posible no aceptar las Cookies del navegador, o dejar de aceptar las Cookies de un Servicio en particular. Los navegadores modernos permiten cambiar la configuraci\u00f3n de Cookies. Estos ajustes se encuentran en las \u2018opciones\u2019 o \u2018Preferencias\u2019 de cada men\u00fa de su navegador. Asimismo, puede configurar su navegador o su gestor de correo electr\u00f3nico. La web www.grupolasrosasinternacional.com ofrece orientaci\u00f3n al Usuario sobre los pasos para acceder al men\u00fa de configuraci\u00f3n de las cookies y, en su caso, de la navegaci\u00f3n privada en cada uno de los navegadores principales: \u2022 Microsoft Internet Explorer o Microsoft Edge:&nbsp;http:\/\/windows.microsoft.com\/es-es\/windows-vista\/Block-or-allow-cookies \u2022 Mozilla Firefox:&nbsp;http:\/\/support.mozilla.org\/es\/kb\/impedir-que-los-sitios-web-guarden-sus-preferencia \u2022 Chrome:&nbsp;https:\/\/support.google.com\/accounts\/answer\/61416?hl=es \u2022 Safari:&nbsp;http:\/\/safari.helpmax.net\/es\/privacidad-y-seguridad\/como-gestionar-las-cookies\/ \u2022 Opera:&nbsp;http:\/\/help.opera.com\/Linux\/10.60\/es-ES\/cookies.html Adem\u00e1s, tambi\u00e9n puede gestionar el almac\u00e9n de cookies en su navegador a trav\u00e9s de herramientas como las siguientes: \u2022 Ghostery:&nbsp;www.ghostery.com\/ \u2022 Your Online Choices:&nbsp;www.youronlinechoices.com\/es\/ ACTUALIZACIONES Y CAMBIOS EN LA POL\u00cdTICA DE PRIVACIDAD \/ COOKIES La Web www.grupolasrosasinternacional.com puede modificar esta Pol\u00edtica de Cookies en funci\u00f3n de exigencias legislativas, reglamentarias,<\/p>\n","protected":false},"author":1,"featured_media":0,"parent":0,"menu_order":0,"comment_status":"closed","ping_status":"closed","template":"","meta":{"site-sidebar-layout":"default","site-content-layout":"","ast-site-content-layout":"","site-content-style":"default","site-sidebar-style":"default","ast-global-header-display":"","ast-banner-title-visibility":"","ast-main-header-display":"","ast-hfb-above-header-display":"","ast-hfb-below-header-display":"","ast-hfb-mobile-header-display":"","site-post-title":"","ast-breadcrumbs-content":"","ast-featured-img":"","footer-sml-layout":"","theme-transparent-header-meta":"","adv-header-id-meta":"","stick-header-meta":"","header-above-stick-meta":"","header-main-stick-meta":"","header-below-stick-meta":"","astra-migrate-meta-layouts":"default","ast-page-background-enabled":"default","ast-page-background-meta":{"desktop":{"background-color":"var(--ast-global-color-4)","background-image":"","background-repeat":"repeat","background-position":"center center","background-size":"auto","background-attachment":"scroll","background-type":"","background-media":"","overlay-type":"","overlay-color":"","overlay-opacity":"","overlay-gradient":""},"tablet":{"background-color":"","background-image":"","background-repeat":"repeat","background-position":"center center","background-size":"auto","background-attachment":"scroll","background-type":"","background-media":"","overlay-type":"","overlay-color":"","overlay-opacity":"","overlay-gradient":""},"mobile":{"background-color":"","background-image":"","background-repeat":"repeat","background-position":"center center","background-size":"auto","background-attachment":"scroll","background-type":"","background-media":"","overlay-type":"","overlay-color":"","overlay-opacity":"","overlay-gradient":""}},"ast-content-background-meta":{"desktop":{"background-color":"var(--ast-global-color-5)","background-image":"","background-repeat":"repeat","background-position":"center center","background-size":"auto","background-attachment":"scroll","background-type":"","background-media":"","overlay-type":"","overlay-color":"","overlay-opacity":"","overlay-gradient":""},"tablet":{"background-color":"var(--ast-global-color-5)","background-image":"","background-repeat":"repeat","background-position":"center center","background-size":"auto","background-attachment":"scroll","background-type":"","background-media":"","overlay-type":"","overlay-color":"","overlay-opacity":"","overlay-gradient":""},"mobile":{"background-color":"var(--ast-global-color-5)","background-image":"","background-repeat":"repeat","background-position":"center center","background-size":"auto","background-attachment":"scroll","background-type":"","background-media":"","overlay-type":"","overlay-color":"","overlay-opacity":"","overlay-gradient":""}},"footnotes":""},"class_list":["post-1623","page","type-page","status-publish","hentry"],"_links":{"self":[{"href":"https:\/\/grupolasrosasinternacional.com\/us\/wp-json\/wp\/v2\/pages\/1623","targetHints":{"allow":["GET"]}}],"collection":[{"href":"https:\/\/grupolasrosasinternacional.com\/us\/wp-json\/wp\/v2\/pages"}],"about":[{"href":"https:\/\/grupolasrosasinternacional.com\/us\/wp-json\/wp\/v2\/types\/page"}],"author":[{"embeddable":true,"href":"https:\/\/grupolasrosasinternacional.com\/us\/wp-json\/wp\/v2\/users\/1"}],"replies":[{"embeddable":true,"href":"https:\/\/grupolasrosasinternacional.com\/us\/wp-json\/wp\/v2\/comments?post=1623"}],"version-history":[{"count":0,"href":"https:\/\/grupolasrosasinternacional.com\/us\/wp-json\/wp\/v2\/pages\/1623\/revisions"}],"wp:attachment":[{"href":"https:\/\/grupolasrosasinternacional.com\/us\/wp-json\/wp\/v2\/media?parent=1623"}],"curies":[{"name":"wp","href":"https:\/\/api.w.org\/{rel}","templated":true}]}}