{"id":1615,"date":"2024-08-01T16:44:55","date_gmt":"2024-08-01T14:44:55","guid":{"rendered":"https:\/\/grupolasrosasinternacional.com\/us\/?page_id=1615"},"modified":"2025-03-04T14:24:51","modified_gmt":"2025-03-04T19:24:51","slug":"legal-notice-of-grupo-las-rosas-internacional","status":"publish","type":"page","link":"https:\/\/grupolasrosasinternacional.com\/us\/legal-notice-of-grupo-las-rosas-internacional\/","title":{"rendered":"Legal notice"},"content":{"rendered":"\n<p>En cumplimiento de la Ley 34\/2002 de comercio electr\u00f3nico:<\/p>\n\n\n\n<p>Para dar cumplimiento con lo establecido en la Ley 34\/2002, de 11 de julio, de servicios de la sociedad de la informaci\u00f3n y de comercio electr\u00f3nico, a continuaci\u00f3n se indican los datos de informaci\u00f3n general de este sitio web:<\/p>\n\n\n\n<ul class=\"wp-block-list\">\n<li><strong>Titular<\/strong>: SIERRA DE ALCARAZ, 14<\/li>\n\n\n\n<li><strong>Direcci\u00f3n<\/strong>:&nbsp;C\/ AST\u00c9RIX, 59 \u2013&nbsp;<strong>&nbsp;<\/strong>28561 VACIAMADRID<\/li>\n\n\n\n<li><strong>Contacto:&nbsp;<\/strong>914.996.686 o v\u00eda email: PERSONALLASROSAS@GMAIL.COM<\/li>\n\n\n\n<li><strong>Datos Registrales<\/strong>: Registro Mercantil de Madrid, Hoja n\u00ba M-361148, Folio 51, Tomo 20.418, Libro 0, Secci\u00f3n 8, Inscripci\u00f3n 3<\/li>\n\n\n\n<li><strong>CIF<\/strong>:&nbsp; B-84087139<\/li>\n<\/ul>\n\n\n\n<p>Los t\u00e9rminos y condiciones recogidos en el presente aviso legal ser\u00e1n de aplicaci\u00f3n a todas aquellas p\u00e1ginas que figuran bajo el dominio www.grupolasrosasinternacional.com que es la \u00fanica comprendida en esta p\u00e1gina web.<\/p>\n\n\n\n<p>El acceso a esta p\u00e1gina web es responsabilidad exclusiva de los usuarios y supone aceptar los presentes t\u00e9rminos y condiciones de uso.<\/p>\n\n\n\n<p>El usuario debe realizar un uso l\u00edcito de la presente p\u00e1gina web y sus servicios de acuerdo a los presentes t\u00e9rminos y condiciones de uso y a la legalidad vigente.<\/p>\n\n\n\n<p>La p\u00e1gina web de GRUPO LAS ROSAS INTERNACIONAL as\u00ed como todos los elementos que la componen, es propiedad exclusiva de SIERRA DE ALCARAZ 14 amparada por las leyes de protecci\u00f3n de la propiedad industrial e intelectual.<\/p>\n\n\n\n<p>Est\u00e1 totalmente prohibida cualquier reproducci\u00f3n o representaci\u00f3n, total o parcial, de la p\u00e1gina o de alguno de los elementos que la componen, as\u00ed como su modificaci\u00f3n. Las marcas y nombres de dominio que aparecen en la p\u00e1gina web de GRUPO LAS ROSAS INTERNACIONAL son propiedad exclusiva de SIERRA DE ALCARAZ 14. Cualquier reproducci\u00f3n o utilizaci\u00f3n no autorizada de estas marcas o nombres de dominio, sin perjuicio de la forma o intenci\u00f3n que adopten, est\u00e1 totalmente prohibida.<\/p>\n\n\n\n<p>SIERRA DE ALCARAZ 14 declina cualquier responsabilidad relativa al contenido de las p\u00e1ginas vinculadas a la p\u00e1gina web de la firma.<\/p>\n\n\n\n<p>SIERRA DE ALCARAZ 14 deber\u00e1 autorizar por escrito la creaci\u00f3n de v\u00ednculos hacia la p\u00e1gina web de la firma.<\/p>\n\n\n\n<p>Debido a la posibilidad de error en el almacenaje y transmisi\u00f3n de informaci\u00f3n digital, SIERRA DE ALCARAZ no garantiza la precisi\u00f3n y seguridad de la informaci\u00f3n transmitida u obtenida por medio de esta p\u00e1gina web.<\/p>\n\n\n\n<p>SIERRA DE ALCARAZ tiene el derecho de revisar y modificar las presentes condiciones en cualquier momento.<\/p>\n\n\n\n<p>Usted estar\u00e1 sujeto a las pol\u00edticas y condiciones vigentes en el momento en que efect\u00fae cada pedido, salvo que por ley o decisi\u00f3n de organismos gubernamentales SIERRA DE ALCARAZ deba hacer cambios en dichas pol\u00edticas, condiciones o declaraci\u00f3n de privacidad, en cuyo caso, los posibles cambios afectar\u00e1n tambi\u00e9n a los pedidos que hubiera hecho previamente.<\/p>\n\n\n\n<p>Al hacer uso de esta p\u00e1gina web y realizar consultas a trav\u00e9s de la misma usted se compromete a:<\/p>\n\n\n\n<p>\u2013 Hacer uso de esta p\u00e1gina web \u00fanicamente para realizar consultas legalmente v\u00e1lidas.<br>\u2013 No realizar ninguna consulta especulativa, falsa o fraudulenta. Si razonablemente se pudiera considerar que se ha hecho una consulta de esta \u00edndole estaremos autorizados a borrarlo e informar a las autoridades pertinentes.<br>\u2013 Facilitarnos su direcci\u00f3n de correo electr\u00f3nico, direcci\u00f3n postal y\/u otros datos de contacto de forma veraz y exacta. Asimismo, consiente que podremos hacer uso de dicha informaci\u00f3n para ponernos en contacto con usted si es necesario (ver nuestra Pol\u00edtica de privacidad).<\/p>\n\n\n\n<p>Si no nos facilita usted toda la informaci\u00f3n que necesitamos, no podremos responder a su consulta.<\/p>\n\n\n\n<p>Al realizar una consulta a trav\u00e9s de esta p\u00e1gina web, usted declara ser mayor de 18 a\u00f1os y tener capacidad legal para celebrar contratos.<\/p>\n\n\n\n<p>Para la resoluci\u00f3n de cualquier duda, discrepancia o divergencia que pudiera suscitarse en el cumplimiento e interpretaci\u00f3n de este contrato, las partes se someten con renuncia expresa a su propio fuero, a los Juzgados y Tribunales de Madrid.<\/p>\n\n\n\n<p>SIERRA DE ALCARAZ, 14. Espa\u00f1a. Todos los derechos reservados.<\/p>\n\n\n\n<div style=\"height:100px\" aria-hidden=\"true\" class=\"wp-block-spacer\"><\/div>\n","protected":false},"excerpt":{"rendered":"<p>En cumplimiento de la Ley 34\/2002 de comercio electr\u00f3nico: Para dar cumplimiento con lo establecido en la Ley 34\/2002, de 11 de julio, de servicios de la sociedad de la informaci\u00f3n y de comercio electr\u00f3nico, a continuaci\u00f3n se indican los datos de informaci\u00f3n general de este sitio web: Los t\u00e9rminos y condiciones recogidos en el presente aviso legal ser\u00e1n de aplicaci\u00f3n a todas aquellas p\u00e1ginas que figuran bajo el dominio www.grupolasrosasinternacional.com que es la \u00fanica comprendida en esta p\u00e1gina web. El acceso a esta p\u00e1gina web es responsabilidad exclusiva de los usuarios y supone aceptar los presentes t\u00e9rminos y condiciones de uso. El usuario debe realizar un uso l\u00edcito de la presente p\u00e1gina web y sus servicios de acuerdo a los presentes t\u00e9rminos y condiciones de uso y a la legalidad vigente. La p\u00e1gina web de GRUPO LAS ROSAS INTERNACIONAL as\u00ed como todos los elementos que la componen, es propiedad exclusiva de SIERRA DE ALCARAZ 14 amparada por las leyes de protecci\u00f3n de la propiedad industrial e intelectual. Est\u00e1 totalmente prohibida cualquier reproducci\u00f3n o representaci\u00f3n, total o parcial, de la p\u00e1gina o de alguno de los elementos que la componen, as\u00ed como su modificaci\u00f3n. Las marcas y nombres de dominio que aparecen en la p\u00e1gina web de GRUPO LAS ROSAS INTERNACIONAL son propiedad exclusiva de SIERRA DE ALCARAZ 14. Cualquier reproducci\u00f3n o utilizaci\u00f3n no autorizada de estas marcas o nombres de dominio, sin perjuicio de la forma o intenci\u00f3n que adopten, est\u00e1 totalmente prohibida. SIERRA DE ALCARAZ 14 declina cualquier responsabilidad relativa al contenido de las p\u00e1ginas vinculadas a la p\u00e1gina web de la firma. SIERRA DE ALCARAZ 14 deber\u00e1 autorizar por escrito la creaci\u00f3n de v\u00ednculos hacia la p\u00e1gina web de la firma. Debido a la posibilidad de error en el almacenaje y transmisi\u00f3n de informaci\u00f3n digital, SIERRA DE ALCARAZ no garantiza la precisi\u00f3n y seguridad de la informaci\u00f3n transmitida u obtenida por medio de esta p\u00e1gina web. SIERRA DE ALCARAZ tiene el derecho de revisar y modificar las presentes condiciones en cualquier momento. Usted estar\u00e1 sujeto a las pol\u00edticas y condiciones vigentes en el momento en que efect\u00fae cada pedido, salvo que por ley o decisi\u00f3n de organismos gubernamentales SIERRA DE ALCARAZ deba hacer cambios en dichas pol\u00edticas, condiciones o declaraci\u00f3n de privacidad, en cuyo caso, los posibles cambios afectar\u00e1n tambi\u00e9n a los pedidos que hubiera hecho previamente. Al hacer uso de esta p\u00e1gina web y realizar consultas a trav\u00e9s de la misma usted se compromete a: \u2013 Hacer uso de esta p\u00e1gina web \u00fanicamente para realizar consultas legalmente v\u00e1lidas.\u2013 No realizar ninguna consulta especulativa, falsa o fraudulenta. Si razonablemente se pudiera considerar que se ha hecho una consulta de esta \u00edndole estaremos autorizados a borrarlo e informar a las autoridades pertinentes.\u2013 Facilitarnos su direcci\u00f3n de correo electr\u00f3nico, direcci\u00f3n postal y\/u otros datos de contacto de forma veraz y exacta. Asimismo, consiente que podremos hacer uso de dicha informaci\u00f3n para ponernos en contacto con usted si es necesario (ver nuestra Pol\u00edtica de privacidad). Si no nos facilita usted toda la informaci\u00f3n que necesitamos, no podremos responder a su consulta. Al realizar una consulta a trav\u00e9s de esta p\u00e1gina web, usted declara ser mayor de 18 a\u00f1os y tener capacidad legal para celebrar contratos. Para la resoluci\u00f3n de cualquier duda, discrepancia o divergencia que pudiera suscitarse en el cumplimiento e interpretaci\u00f3n de este contrato, las partes se someten con renuncia expresa a su propio fuero, a los Juzgados y Tribunales de Madrid. SIERRA DE ALCARAZ, 14. Espa\u00f1a. Todos los derechos reservados.<\/p>\n","protected":false},"author":1,"featured_media":0,"parent":0,"menu_order":0,"comment_status":"closed","ping_status":"closed","template":"","meta":{"site-sidebar-layout":"default","site-content-layout":"","ast-site-content-layout":"","site-content-style":"default","site-sidebar-style":"default","ast-global-header-display":"","ast-banner-title-visibility":"","ast-main-header-display":"","ast-hfb-above-header-display":"","ast-hfb-below-header-display":"","ast-hfb-mobile-header-display":"","site-post-title":"","ast-breadcrumbs-content":"","ast-featured-img":"","footer-sml-layout":"","theme-transparent-header-meta":"","adv-header-id-meta":"","stick-header-meta":"","header-above-stick-meta":"","header-main-stick-meta":"","header-below-stick-meta":"","astra-migrate-meta-layouts":"default","ast-page-background-enabled":"default","ast-page-background-meta":{"desktop":{"background-color":"var(--ast-global-color-4)","background-image":"","background-repeat":"repeat","background-position":"center center","background-size":"auto","background-attachment":"scroll","background-type":"","background-media":"","overlay-type":"","overlay-color":"","overlay-opacity":"","overlay-gradient":""},"tablet":{"background-color":"","background-image":"","background-repeat":"repeat","background-position":"center center","background-size":"auto","background-attachment":"scroll","background-type":"","background-media":"","overlay-type":"","overlay-color":"","overlay-opacity":"","overlay-gradient":""},"mobile":{"background-color":"","background-image":"","background-repeat":"repeat","background-position":"center center","background-size":"auto","background-attachment":"scroll","background-type":"","background-media":"","overlay-type":"","overlay-color":"","overlay-opacity":"","overlay-gradient":""}},"ast-content-background-meta":{"desktop":{"background-color":"var(--ast-global-color-5)","background-image":"","background-repeat":"repeat","background-position":"center center","background-size":"auto","background-attachment":"scroll","background-type":"","background-media":"","overlay-type":"","overlay-color":"","overlay-opacity":"","overlay-gradient":""},"tablet":{"background-color":"var(--ast-global-color-5)","background-image":"","background-repeat":"repeat","background-position":"center center","background-size":"auto","background-attachment":"scroll","background-type":"","background-media":"","overlay-type":"","overlay-color":"","overlay-opacity":"","overlay-gradient":""},"mobile":{"background-color":"var(--ast-global-color-5)","background-image":"","background-repeat":"repeat","background-position":"center center","background-size":"auto","background-attachment":"scroll","background-type":"","background-media":"","overlay-type":"","overlay-color":"","overlay-opacity":"","overlay-gradient":""}},"footnotes":""},"class_list":["post-1615","page","type-page","status-publish","hentry"],"_links":{"self":[{"href":"https:\/\/grupolasrosasinternacional.com\/us\/wp-json\/wp\/v2\/pages\/1615","targetHints":{"allow":["GET"]}}],"collection":[{"href":"https:\/\/grupolasrosasinternacional.com\/us\/wp-json\/wp\/v2\/pages"}],"about":[{"href":"https:\/\/grupolasrosasinternacional.com\/us\/wp-json\/wp\/v2\/types\/page"}],"author":[{"embeddable":true,"href":"https:\/\/grupolasrosasinternacional.com\/us\/wp-json\/wp\/v2\/users\/1"}],"replies":[{"embeddable":true,"href":"https:\/\/grupolasrosasinternacional.com\/us\/wp-json\/wp\/v2\/comments?post=1615"}],"version-history":[{"count":0,"href":"https:\/\/grupolasrosasinternacional.com\/us\/wp-json\/wp\/v2\/pages\/1615\/revisions"}],"wp:attachment":[{"href":"https:\/\/grupolasrosasinternacional.com\/us\/wp-json\/wp\/v2\/media?parent=1615"}],"curies":[{"name":"wp","href":"https:\/\/api.w.org\/{rel}","templated":true}]}}